{"id":117,"date":"2023-07-19T18:40:09","date_gmt":"2023-07-19T16:40:09","guid":{"rendered":"https:\/\/iwonakurecka.pl\/?page_id=117"},"modified":"2023-07-19T19:15:08","modified_gmt":"2023-07-19T17:15:08","slug":"polityka-prywatnosci-2","status":"publish","type":"page","link":"https:\/\/iwonakurecka.pl\/?page_id=117","title":{"rendered":"Polityka prywatno\u015bci"},"content":{"rendered":"\n<ol class=\"wp-block-list\" type=\"1\">\n<li class=\"has-small-font-size\">Administratorem danych osobowych jest Thistle Business Services Iwona Kurecka z siedzib\u0105 przy ul. Makuszy\u0144skiego 30, 81-595 Gdynia (dalej \u201eAdministrator\u201d).<\/li>\n\n\n\n<li class=\"has-small-font-size\">Administrator prowadzi serwis internetowy <a href=\"https:\/\/iwonakurecka.pl\/\">iwonakurecka.pl<\/a> (dalej \u201eSerwis\u201d).<\/li>\n\n\n\n<li class=\"has-small-font-size\">U\u017cytkownik Serwisu (dalej \u201eU\u017cytkownik\u201d) wyra\u017ca zgod\u0119 na przetwarzanie jego danych osobowych przez Administratora na zasadach okre\u015blonych niniejsz\u0105 polityk\u0105 prywatno\u015bci.<\/li>\n\n\n\n<li class=\"has-small-font-size\">Wszelkie o\u015bwiadczenia, zapytania i informacje dotycz\u0105ce danych osobowych mog\u0105 by\u0107 przekazane Administratorowi za po\u015brednictwem: poczty elektronicznej na adres e-mail <a href=\"mailto:i.kurecka@gmail.com\">i.kurecka@gmail.com<\/a>, pisemnie na adres siedziby Administratora.<\/li>\n\n\n\n<li class=\"has-small-font-size\">Dane osobowe U\u017cytkownika s\u0105 przetwarzane na podstawie art. 6 i innych przepis\u00f3w Rozporz\u0105dzenia Parlamentu Europejskiego i Rady (UE) 2016\/679 z dnia 27 kwietnia 2016 r. w sprawie ochrony os\u00f3b fizycznych w zwi\u0105zku z przetwarzaniem danych osobowych i w sprawie swobodnego przep\u0142ywu takich danych oraz uchylenia dyrektywy 95\/46\/WE (og\u00f3lne rozporz\u0105dzenie o ochronie danych) (dalej \u201eRODO\u201d).<\/li>\n\n\n\n<li class=\"has-small-font-size\">Dane osobowe U\u017cytkownika przetwarzane s\u0105 w celu kontaktu z U\u017cytkownikiem i zapewnienia U\u017cytkownikowi informacji i mo\u017cliwo\u015bci uczestnictwa w dzia\u0142aniach organizowanych przez Administratora.<\/li>\n\n\n\n<li class=\"has-small-font-size\">Dane U\u017cytkownika s\u0105 r\u00f3wnie\u017c przetwarzane, gdy jest to niezb\u0119dne do cel\u00f3w wynikaj\u0105cych z prawnie uzasadnionych interes\u00f3w realizowanych przez Administratora lub przez stron\u0119 trzeci\u0105 (z wyj\u0105tkiem sytuacji, w kt\u00f3rych nadrz\u0119dny charakter wobec tych interes\u00f3w maj\u0105 interesy lub podstawowe prawa i wolno\u015bci osoby, kt\u00f3rej dane dotycz\u0105, wymagaj\u0105ce ochrony danych osobowych).<\/li>\n\n\n\n<li class=\"has-small-font-size\">Administrator przetwarza nast\u0119puj\u0105ce kategorie danych U\u017cytkownika: <span style=\"color: initial;\">imi\u0119 i nazwisko, <\/span><span style=\"color: initial;\">adres e-mail<\/span>.<\/li>\n\n\n\n<li class=\"has-small-font-size\">Odbiorcami danych osobowych U\u017cytkownika mog\u0105 by\u0107: pracownicy, zleceniobiorcy, podwykonawcy i inne osoby zatrudnione lub wsp\u00f3\u0142pracuj\u0105ce z Administratorem;<\/li>\n\n\n\n<li class=\"has-small-font-size\">Dane osobowe U\u017cytkownika b\u0119d\u0105 przechowywane przez okres niezb\u0119dny do realizacji cel\u00f3w przetwarzania danych. Dane osobowe U\u017cytkownika zostan\u0105 trwale usuni\u0119te, gdy wszystkie wy\u017cej wymienione okresy dobiegn\u0105 ko\u0144ca.<\/li>\n\n\n\n<li class=\"has-small-font-size\">U\u017cytkownik ma prawo do: <span style=\"color: initial;\">uzyskania od Administratora potwierdzenia, czy przetwarzane s\u0105 dane osobowe go dotycz\u0105ce; otrzymania kopii przetwarzanych danych;<\/span> uzyskania od Administratora wszelkich informacji obj\u0119tych zakresem niniejszej Polityki Prywatno\u015bci.<\/li>\n\n\n\n<li class=\"has-small-font-size\">U\u017cytkownik ma prawo \u017c\u0105dania od Administratora niezw\u0142ocznego sprostowania dotycz\u0105cych go danych osobowych, kt\u00f3re s\u0105 nieprawid\u0142owe. Z uwzgl\u0119dnieniem cel\u00f3w przetwarzania, U\u017cytkownik ma prawo \u017c\u0105dania uzupe\u0142nienia niekompletnych danych osobowych, w tym poprzez przedstawienie dodatkowego o\u015bwiadczenia.<\/li>\n\n\n\n<li class=\"has-small-font-size\">U\u017cytkownik ma prawo \u017c\u0105dania od Administratora niezw\u0142ocznego usuni\u0119cia dotycz\u0105cych go danych osobowych, a Administrator ma obowi\u0105zek bez zb\u0119dnej zw\u0142oki usun\u0105\u0107 dane osobowe (z zastrze\u017ceniem wyj\u0105tk\u00f3w przewidzianych prawem), je\u017celi zachodzi jedna z nast\u0119puj\u0105cych okoliczno\u015bci: <span style=\"color: initial;\">dane osobowe nie s\u0105 ju\u017c niezb\u0119dne do cel\u00f3w, w kt\u00f3rych zosta\u0142y zebrane lub w inny spos\u00f3b przetwarzane;<\/span> u<span style=\"color: initial;\">\u017cytkownik cofn\u0105\u0142 zgod\u0119, na kt\u00f3rej opiera si\u0119 przetwarzanie, i nie ma innej podstawy prawnej przetwarzania;<\/span> u<span style=\"color: initial;\">\u017cytkownik wnosi sprzeciw, o kt\u00f3rym mowa w punkcie 17;<\/span> <span style=\"color: initial;\">dane osobowe by\u0142y przetwarzane niezgodnie z prawem;<\/span> <span style=\"color: initial;\">dane osobowe musz\u0105 zosta\u0107 usuni\u0119te w celu wywi\u0105zania si\u0119 z obowi\u0105zku prawnego przewidzianego w prawie Unii lub prawie pa\u0144stwa cz\u0142onkowskiego, kt\u00f3remu podlega Administrator;<\/span> dane osobowe zosta\u0142y zebrane w zwi\u0105zku z oferowaniem us\u0142ug spo\u0142ecze\u0144stwa informacyjnego bezpo\u015brednio dziecku, na podstawie zgody dziecka lub jego rodzica (opiekuna).<\/li>\n\n\n\n<li class=\"has-small-font-size\">U\u017cytkownik ma prawo \u017c\u0105dania od Administratora ograniczenia przetwarzania w nast\u0119puj\u0105cych przypadkach: <span style=\"color: initial;\">gdy U\u017cytkownik kwestionuje prawid\u0142owo\u015b\u0107 danych osobowych \u2013 na okres pozwalaj\u0105cy Administratorowi sprawdzi\u0107 prawid\u0142owo\u015b\u0107 tych danych; gdy przetwarzanie jest niezgodne z prawem, a U\u017cytkownik sprzeciwia si\u0119 usuni\u0119ciu danych osobowych, \u017c\u0105daj\u0105c w zamian ograniczenia ich wykorzystywania;<\/span> <span style=\"color: initial;\">gdy Administrator nie potrzebuje ju\u017c danych osobowych do cel\u00f3w przetwarzania, ale s\u0105 one potrzebne U\u017cytkownikowi do ustalenia, dochodzenia lub obrony roszcze\u0144;<\/span> gdy U\u017cytkownik wni\u00f3s\u0142 sprzeciw, o kt\u00f3rym mowa w punkcie 18 \u2013 do czasu stwierdzenia, czy prawnie uzasadnione podstawy po stronie Administratora s\u0105 nadrz\u0119dne wobec podstaw sprzeciwu osoby, kt\u00f3rej dane dotycz\u0105.<\/li>\n\n\n\n<li class=\"has-small-font-size\">U\u017cytkownik ma prawo otrzyma\u0107 w ustrukturyzowanym, powszechnie u\u017cywanym formacie nadaj\u0105cym si\u0119 do odczytu maszynowego dane osobowe go dotycz\u0105ce, kt\u00f3re dostarczy\u0142 Administratorowi, oraz ma prawo przes\u0142a\u0107 te dane osobowe innemu administratorowi danych bez przeszk\u00f3d ze strony Administratora, kt\u00f3remu dostarczono te dane osobowe. Wykonuj\u0105c prawo do przenoszenia danych U\u017cytkownik ma prawo \u017c\u0105dania, by dane osobowe zosta\u0142y przes\u0142ane przez Administratora bezpo\u015brednio innemu administratorowi danych osobowych, o ile jest to technicznie mo\u017cliwe.<\/li>\n\n\n\n<li class=\"has-small-font-size\">U\u017cytkownik ma prawo w dowolnym momencie wnie\u015b\u0107 sprzeciw \u2013 z przyczyn zwi\u0105zanych z jego szczeg\u00f3ln\u0105 sytuacj\u0105 \u2013 wobec przetwarzania dotycz\u0105cych go danych osobowych opartego na prawnie uzasadnionych interesach realizowanych przez Administratora lub przez stron\u0119 trzeci\u0105. Administratorowi nie wolno ju\u017c przetwarza\u0107 tych danych osobowych, chyba \u017ce wyka\u017ce on istnienie wa\u017cnych prawnie uzasadnionych podstaw do przetwarzania, nadrz\u0119dnych wobec interes\u00f3w, praw i wolno\u015bci osoby, kt\u00f3rej dane dotycz\u0105, lub podstaw do ustalenia, dochodzenia lub obrony roszcze\u0144.<\/li>\n\n\n\n<li class=\"has-small-font-size\">U\u017cytkownik mo\u017ce w ka\u017cdym czasie wycofa\u0107 zgod\u0119 na przetwarzanie danych. Nale\u017cy jednak pami\u0119ta\u0107, \u017ce wycofanie zgody nie wp\u0142ywa na legalno\u015b\u0107 przetwarzania, kt\u00f3rego dokonano przed wycofaniem zgody.<\/li>\n\n\n\n<li class=\"has-small-font-size\">U\u017cytkownik ma prawo wnie\u015b\u0107 skarg\u0119 do organu nadzorczego, w szczeg\u00f3lno\u015bci w pa\u0144stwie cz\u0142onkowskim swojego zwyk\u0142ego pobytu, swojego miejsca pracy lub miejsca pope\u0142nienia domniemanego naruszenia, je\u017celi s\u0105dzi, \u017ce przetwarzanie danych osobowych go dotycz\u0105cych narusza przepisy RODO.<\/li>\n<\/ol>\n","protected":false},"excerpt":{"rendered":"","protected":false},"author":1,"featured_media":0,"parent":0,"menu_order":0,"comment_status":"closed","ping_status":"closed","template":"","meta":{"footnotes":""},"class_list":["post-117","page","type-page","status-publish","hentry"],"_links":{"self":[{"href":"https:\/\/iwonakurecka.pl\/index.php?rest_route=\/wp\/v2\/pages\/117","targetHints":{"allow":["GET"]}}],"collection":[{"href":"https:\/\/iwonakurecka.pl\/index.php?rest_route=\/wp\/v2\/pages"}],"about":[{"href":"https:\/\/iwonakurecka.pl\/index.php?rest_route=\/wp\/v2\/types\/page"}],"author":[{"embeddable":true,"href":"https:\/\/iwonakurecka.pl\/index.php?rest_route=\/wp\/v2\/users\/1"}],"replies":[{"embeddable":true,"href":"https:\/\/iwonakurecka.pl\/index.php?rest_route=%2Fwp%2Fv2%2Fcomments&post=117"}],"version-history":[{"count":4,"href":"https:\/\/iwonakurecka.pl\/index.php?rest_route=\/wp\/v2\/pages\/117\/revisions"}],"predecessor-version":[{"id":123,"href":"https:\/\/iwonakurecka.pl\/index.php?rest_route=\/wp\/v2\/pages\/117\/revisions\/123"}],"wp:attachment":[{"href":"https:\/\/iwonakurecka.pl\/index.php?rest_route=%2Fwp%2Fv2%2Fmedia&parent=117"}],"curies":[{"name":"wp","href":"https:\/\/api.w.org\/{rel}","templated":true}]}}