{"id":5,"date":"2023-07-19T16:37:05","date_gmt":"2023-07-19T14:37:05","guid":{"rendered":"https:\/\/iwonakurecka.pl\/?page_id=5"},"modified":"2024-01-06T18:05:40","modified_gmt":"2024-01-06T17:05:40","slug":"nowa-edukacja","status":"publish","type":"page","link":"https:\/\/iwonakurecka.pl\/","title":{"rendered":"Nowa Edukacja"},"content":{"rendered":"\n<figure class=\"wp-block-gallery has-nested-images columns-default is-cropped wp-block-gallery-1 is-layout-flex wp-block-gallery-is-layout-flex\">\n<figure class=\"wp-block-image size-large\"><img loading=\"lazy\" decoding=\"async\" width=\"1024\" height=\"595\" data-id=\"182\" src=\"https:\/\/iwonakurecka.pl\/wp-content\/uploads\/2023\/07\/shutterstock_671677429-1-1024x595.jpg\" alt=\"\" class=\"wp-image-182\" srcset=\"https:\/\/iwonakurecka.pl\/wp-content\/uploads\/2023\/07\/shutterstock_671677429-1-1024x595.jpg 1024w, https:\/\/iwonakurecka.pl\/wp-content\/uploads\/2023\/07\/shutterstock_671677429-1-300x174.jpg 300w, https:\/\/iwonakurecka.pl\/wp-content\/uploads\/2023\/07\/shutterstock_671677429-1-768x447.jpg 768w, https:\/\/iwonakurecka.pl\/wp-content\/uploads\/2023\/07\/shutterstock_671677429-1-1536x893.jpg 1536w, https:\/\/iwonakurecka.pl\/wp-content\/uploads\/2023\/07\/shutterstock_671677429-1-2048x1191.jpg 2048w, https:\/\/iwonakurecka.pl\/wp-content\/uploads\/2023\/07\/shutterstock_671677429-1-1568x912.jpg 1568w\" sizes=\"auto, (max-width: 767px) 89vw, (max-width: 1000px) 54vw, (max-width: 1071px) 543px, 580px\" \/><\/figure>\n<\/figure>\n\n\n<p>System edukacji odgrywa kluczow\u0105 rol\u0119 w rozwoju spo\u0142ecze\u0144stwa i przysz\u0142o\u015bci naszych dzieci. Jednak, jak w przypadku wielu innych system\u00f3w, r\u00f3wnie\u017c ten nie jest wolny od b\u0142\u0119d\u00f3w. Dlatego istnieje pilna potrzeba analizy dotychczasowych b\u0142\u0119d\u00f3w i podj\u0119cia dzia\u0142a\u0144 maj\u0105cych na celu ich napraw\u0119.<\/p>\n<p>Pierwszym krokiem jest uznanie, \u017ce b\u0142\u0119dy wyst\u0119puj\u0105. Niezale\u017cnie od tego, jak dobrze dzia\u0142a system edukacji, zawsze b\u0119d\u0105 miejsca, kt\u00f3re wymagaj\u0105 ulepsze\u0144. Analiza b\u0142\u0119d\u00f3w pozwala nam zidentyfikowa\u0107 problemy, kt\u00f3re wyst\u0119puj\u0105 zar\u00f3wno na poziomie strukturalnym, jak i programowym.<\/p>\n<p><!--more--><\/p>\n<p>Wszystkie reformy edukacji ostatnich lat by\u0142y bardzo efektowne. Przynosi\u0142y szybko widoczne i niestety, kr\u00f3tkowzroczne zmiany. Tym samym by\u0142y wyj\u0105tkowo nieefektywne, czego skutki niezmiennie obserwujemy od lat. Ka\u017cda kolejna reforma polskiego systemu edukacji powoduje coraz wi\u0119ksze zamieszanie, \u017ceby po kilku latach, przerasta\u0107\/ przepoczwarza\u0107 si\u0119 w totalny chaos. My, rodzice, nauczyciele i og\u00f3\u0142 spo\u0142ecze\u0144stwa na co dzie\u0144 mierzymy si\u0119 z fatalnymi skutkami tych reform, w postaci znerwicowanych i apatycznych dzieci, wypalonych zawodowo i zniech\u0119conych nauczycieli oraz niedostosowanych do rzeczywistych warunk\u00f3w pracy potencjalnych pracownik\u00f3w. Z moich rozm\u00f3w i obserwacji wynika, \u017ce wszyscy zgadzamy si\u0119 co do jednego: w polskiej szkole jest \u017ale i trzeba to poprawi\u0107.<\/p>\n<p>Czas przeprowadzi\u0107 powa\u017cne, dog\u0142\u0119bne i przemy\u015blane zmiany, kt\u00f3re pozwol\u0105, aby nowa polska apolityczna szko\u0142a odpowiedzia\u0142a na oczekiwania i potrzeby dwudziestego pierwszego wieku, w oparciu o analizy prawdziwych potrzeb, a nie tylko wizji i wyobra\u017ce\u0144 aktualnie rz\u0105dz\u0105cych, kt\u00f3ry bardzo cz\u0119sto s\u0105 kadencyjne, a z prawdziwymi\u00a0 wyzwaniami, (stoj\u0105cymi przed szko\u0142\u0105,) nie maj\u0105 \u017cadnego zwi\u0105zku.<\/p>\n<p>Edukacja na nowo ma by\u0107 apolityczna, wsp\u00f3\u0142tworzona przez nauczycieli, rodzic\u00f3w, psycholog\u00f3w, lekarzy, przedsi\u0119biorc\u00f3w i wszystkich innych specjalist\u00f3w aktywnie uczestnicz\u0105cych w rozwoju naszych dzieci. Edukacja to co\u015b wi\u0119cej, ni\u017c tylko zapami\u0119tywanie formu\u0142ek i walka o najwy\u017csz\u0105 \u015bredni\u0105 ocen. To ca\u0142okszta\u0142t rozwoju psychofizycznego, intelektualnego i emocjonalnego, w oparciu o warto\u015bci, kt\u00f3rego celem jest wykszta\u0142cenie samodzielnego, empatycznego, tolerancyjnego i zaradnego cz\u0142owieka, potrafi\u0105cego dostosowa\u0107 si\u0119 do ci\u0105gle zmieniaj\u0105cego si\u0119 \u015bwiata.<\/p>\n<p>Ka\u017cde dziecko jest inne, ma odmienne potrzeby, zdolno\u015bci, pasje, ale i nierzadko ograniczenia. Szko\u0142a powinna pod\u0105\u017ca\u0107 za dzieckiem i maksymalizowa\u0107 jego potencja\u0142. Nie jest mo\u017cliwe oczekiwa\u0107, \u017ce jedna szko\u0142a jest w stanie dostosowa\u0107 si\u0119 do ka\u017cdej wyj\u0105tkowej jednostki. Ale kto powiedzia\u0142, \u017ce jest uniwersalny system dobry dla wszystkich?<\/p>\n<p>Skoro ka\u017cdy z nas jest inny, wolni rodzice maj\u0105 prawo mie\u0107 swoje zdanie, a kreatywni i zmotywowani nauczyciele, maj\u0105c do\u015bwiadczenie i\u00a0 du\u017co swobody, mog\u0105 dopasowa\u0107 tre\u015bci i metody, tworz\u0105c wyj\u0105tkowe tre\u015bci.<br \/>Warto zaczerpn\u0105\u0107 sprawdzone metody z innych kraj\u00f3w, jak r\u00f3wnie\u017c dzieli\u0107 si\u0119 nieocenion\u0105 i cz\u0119sto systemowo ograniczana kreatywno\u015bci\u0105 polskich nauczycieli<\/p>\n<p>Tw\u00f3j g\u0142os i opinia s\u0105 wa\u017cne, aby zmieni\u0107 oblicze polskiej szko\u0142y.<br \/>Zacznijmy zmiany ju\u017c dzi\u015b.<\/p>\n<p>W dost\u0119pnych na kolejnych stronach ankietach podziel si\u0119 swoimi obserwacjami i do\u015bwiadczeniami ze szko\u0142y\/szk\u00f3\u0142, kt\u00f3re znasz, w Polsce i za granic\u0105. Mo\u017cesz wype\u0142ni\u0107 kilka ankiet, je\u015bli masz do\u015bwiadczenie z kilku szk\u00f3\u0142. Wszystkie opinie s\u0105 dla mnie wa\u017cne, gdy\u017c pomog\u0105 por\u00f3wna\u0107 do\u015bwiadczenia i oczekiwania rodzic\u00f3w, nauczycieli i og\u00f3\u0142u spo\u0142ecze\u0144stwa, aby Nowa Polska Szko\u0142a by\u0142a najlepsza.<\/p>","protected":false},"excerpt":{"rendered":"<p>System edukacji odgrywa kluczow\u0105 rol\u0119 w rozwoju spo\u0142ecze\u0144stwa i przysz\u0142o\u015bci naszych dzieci. Jednak, jak w przypadku wielu innych system\u00f3w, r\u00f3wnie\u017c ten nie jest wolny od b\u0142\u0119d\u00f3w. Dlatego istnieje pilna potrzeba analizy dotychczasowych b\u0142\u0119d\u00f3w i podj\u0119cia dzia\u0142a\u0144 maj\u0105cych na celu ich napraw\u0119. Pierwszym krokiem jest uznanie, \u017ce b\u0142\u0119dy wyst\u0119puj\u0105. Niezale\u017cnie od tego, jak dobrze dzia\u0142a system &hellip; <\/p>\n<p class=\"link-more\"><a href=\"https:\/\/iwonakurecka.pl\/\" class=\"more-link\">Czytaj dalej<span class=\"screen-reader-text\"> \u201eNowa Edukacja\u201d<\/span><\/a><\/p>\n","protected":false},"author":1,"featured_media":0,"parent":0,"menu_order":0,"comment_status":"closed","ping_status":"closed","template":"","meta":{"footnotes":""},"class_list":["post-5","page","type-page","status-publish","hentry"],"_links":{"self":[{"href":"https:\/\/iwonakurecka.pl\/index.php?rest_route=\/wp\/v2\/pages\/5","targetHints":{"allow":["GET"]}}],"collection":[{"href":"https:\/\/iwonakurecka.pl\/index.php?rest_route=\/wp\/v2\/pages"}],"about":[{"href":"https:\/\/iwonakurecka.pl\/index.php?rest_route=\/wp\/v2\/types\/page"}],"author":[{"embeddable":true,"href":"https:\/\/iwonakurecka.pl\/index.php?rest_route=\/wp\/v2\/users\/1"}],"replies":[{"embeddable":true,"href":"https:\/\/iwonakurecka.pl\/index.php?rest_route=%2Fwp%2Fv2%2Fcomments&post=5"}],"version-history":[{"count":6,"href":"https:\/\/iwonakurecka.pl\/index.php?rest_route=\/wp\/v2\/pages\/5\/revisions"}],"predecessor-version":[{"id":315,"href":"https:\/\/iwonakurecka.pl\/index.php?rest_route=\/wp\/v2\/pages\/5\/revisions\/315"}],"wp:attachment":[{"href":"https:\/\/iwonakurecka.pl\/index.php?rest_route=%2Fwp%2Fv2%2Fmedia&parent=5"}],"curies":[{"name":"wp","href":"https:\/\/api.w.org\/{rel}","templated":true}]}}