{"id":73,"date":"2023-07-19T17:19:19","date_gmt":"2023-07-19T15:19:19","guid":{"rendered":"https:\/\/iwonakurecka.pl\/?page_id=73"},"modified":"2023-07-19T23:21:02","modified_gmt":"2023-07-19T21:21:02","slug":"ankieta-o-polsce","status":"publish","type":"page","link":"https:\/\/iwonakurecka.pl\/?page_id=73","title":{"rendered":"Ankieta o szko\u0142ach w Polsce"},"content":{"rendered":"\n<div class=\"wp-block-columns is-layout-flex wp-container-core-columns-is-layout-9d6595d7 wp-block-columns-is-layout-flex\">\n<div class=\"wp-block-column is-layout-flow wp-block-column-is-layout-flow\">\n<p>W poni\u017cszej ankiecie podziel si\u0119 swoimi obserwacjami i do\u015bwiadczeniami ze szko\u0142y\/szk\u00f3\u0142, kt\u00f3re znasz. Mo\u017cesz wype\u0142ni\u0107 kilka ankiet, je\u015bli masz do\u015bwiadczenie z kilku szk\u00f3\u0142, zaznaczaj\u0105c, czy to opinia rodzica, czy nauczyciela\/ edukatora. Wszystkie opinie s\u0105 dla mnie wa\u017cne, gdy\u017c pomog\u0105 por\u00f3wna\u0107 do\u015bwiadczenia i oczekiwania rodzic\u00f3w, nauczycieli i og\u00f3\u0142u spo\u0142ecze\u0144stwa, aby Nowa Polska Szko\u0142a by\u0142a najlepsza.<\/p>\n\n\n\n<p><\/p>\n<\/div>\n\n\n\n<div class=\"wp-block-column is-layout-flow wp-block-column-is-layout-flow\">\n<figure class=\"wp-block-gallery has-nested-images columns-default is-cropped wp-block-gallery-1 is-layout-flex wp-block-gallery-is-layout-flex\">\n<figure class=\"wp-block-image size-full\"><img loading=\"lazy\" decoding=\"async\" width=\"640\" height=\"595\" data-id=\"212\" src=\"http:\/\/iwonakurecka.pl\/wp-content\/uploads\/2023\/07\/poland-151461_960_720-640x595-1.png\" alt=\"\" class=\"wp-image-212\" srcset=\"https:\/\/iwonakurecka.pl\/wp-content\/uploads\/2023\/07\/poland-151461_960_720-640x595-1.png 640w, https:\/\/iwonakurecka.pl\/wp-content\/uploads\/2023\/07\/poland-151461_960_720-640x595-1-300x279.png 300w\" sizes=\"auto, (max-width: 640px) 100vw, 640px\" \/><\/figure>\n<\/figure>\n<\/div>\n<\/div>\n\n\n<p>Je\u015bli nie znasz odpowiedzi na niekt\u00f3re pytania, pozostaw puste pole. Na ko\u0144cu ankiety jest miejsce na komentarze \/ sugestie \/ dodatkowe informacje.<\/p>\n\n\n<p><a href=\"https:\/\/iwonakurecka.pl\/?page_id=117(otworzy si\u0119 w nowej karcie)\">Polityka prywatno\u015bci<\/a><\/p>\n\n\n\n<p><\/p>\n\n\n<style id=\"wpforms-css-vars-root\">\n\t\t\t\t:root {\n\t\t\t\t\t--wpforms-field-border-radius: 3px;\n--wpforms-field-background-color: #ffffff;\n--wpforms-field-border-color: rgba( 0, 0, 0, 0.25 );\n--wpforms-field-text-color: rgba( 0, 0, 0, 0.7 );\n--wpforms-label-color: rgba( 0, 0, 0, 0.85 );\n--wpforms-label-sublabel-color: rgba( 0, 0, 0, 0.55 );\n--wpforms-label-error-color: #d63637;\n--wpforms-button-border-radius: 3px;\n--wpforms-button-background-color: #066aab;\n--wpforms-button-text-color: #ffffff;\n--wpforms-field-size-input-height: 43px;\n--wpforms-field-size-input-spacing: 15px;\n--wpforms-field-size-font-size: 16px;\n--wpforms-field-size-line-height: 19px;\n--wpforms-field-size-padding-h: 14px;\n--wpforms-field-size-checkbox-size: 16px;\n--wpforms-field-size-sublabel-spacing: 5px;\n--wpforms-field-size-icon-size: 1;\n--wpforms-label-size-font-size: 16px;\n--wpforms-label-size-line-height: 19px;\n--wpforms-label-size-sublabel-font-size: 14px;\n--wpforms-label-size-sublabel-line-height: 17px;\n--wpforms-button-size-font-size: 17px;\n--wpforms-button-size-height: 41px;\n--wpforms-button-size-padding-h: 15px;\n--wpforms-button-size-margin-top: 10px;\n\n\t\t\t\t}\n\t\t\t<\/style><style id=\"wpforms-css-vars-67-block-18fafa60-9229-4871-a619-00cae1abfb0b\">\n\t\t\t\t#wpforms-67.wpforms-block-18fafa60-9229-4871-a619-00cae1abfb0b {\n\t\t\t\t\t--wpforms-label-color: #0693e3;\n\n\t\t\t\t}\n\t\t\t<\/style><div class=\"wpforms-container wpforms-container-full wpforms-block wpforms-block-18fafa60-9229-4871-a619-00cae1abfb0b wpforms-render-modern\" id=\"wpforms-67\"><form id=\"wpforms-form-67\" class=\"wpforms-validate wpforms-form wpforms-ajax-form\" data-formid=\"67\" method=\"post\" enctype=\"multipart\/form-data\" action=\"\/index.php?rest_route=%2Fwp%2Fv2%2Fpages%2F73\" data-token=\"4dc8e09bf616598533593ac462a18e11\"><noscript class=\"wpforms-error-noscript\">Aby wype\u0142ni\u0107 ten formularz, w\u0142\u0105cz obs\u0142ug\u0119 JavaScript w przegl\u0105darce.<\/noscript><div class=\"wpforms-hidden\" id=\"wpforms-error-noscript\">Aby wype\u0142ni\u0107 ten formularz, w\u0142\u0105cz obs\u0142ug\u0119 JavaScript w przegl\u0105darce.<\/div><div class=\"wpforms-field-container\"><div id=\"wpforms-67-field_1-container\" class=\"wpforms-field wpforms-field-name\" data-field-id=\"1\"><fieldset><legend class=\"wpforms-field-label\">Imi\u0119 i nazwisko <span class=\"wpforms-required-label\" aria-hidden=\"true\">*<\/span><\/legend><div class=\"wpforms-field-row wpforms-field-medium\"><div class=\"wpforms-field-row-block wpforms-first wpforms-one-half\"><input type=\"text\" id=\"wpforms-67-field_1\" class=\"wpforms-field-name-first wpforms-field-required\" name=\"wpforms[fields][1][first]\" aria-errormessage=\"wpforms-67-field_1-error\" required><label for=\"wpforms-67-field_1\" class=\"wpforms-field-sublabel after \">Imi\u0119<\/label><\/div><div class=\"wpforms-field-row-block wpforms-one-half\"><input type=\"text\" id=\"wpforms-67-field_1-last\" class=\"wpforms-field-name-last wpforms-field-required\" name=\"wpforms[fields][1][last]\" aria-errormessage=\"wpforms-67-field_1-last-error\" required><label for=\"wpforms-67-field_1-last\" class=\"wpforms-field-sublabel after \">Nazwisko<\/label><\/div><\/div><\/fieldset><\/div><div id=\"wpforms-67-field_2-container\" class=\"wpforms-field wpforms-field-email\" data-field-id=\"2\"><label class=\"wpforms-field-label\" for=\"wpforms-67-field_2\">E-mail <span class=\"wpforms-required-label\" aria-hidden=\"true\">*<\/span><\/label><input type=\"email\" id=\"wpforms-67-field_2\" class=\"wpforms-field-medium wpforms-field-required\" name=\"wpforms[fields][2]\" spellcheck=\"false\" aria-errormessage=\"wpforms-67-field_2-error\" required><\/div><div id=\"wpforms-67-field_26-container\" class=\"wpforms-field wpforms-field-select wpforms-field-select-style-classic\" data-field-id=\"26\"><label class=\"wpforms-field-label\" for=\"wpforms-67-field_26\">Jestem<\/label><select id=\"wpforms-67-field_26\" class=\"wpforms-field-medium\" name=\"wpforms[fields][26]\"><option value=\"rodzicem\" >rodzicem<\/option><option value=\"nauczycielem \/ edukatorem\" >nauczycielem \/ edukatorem<\/option><option value=\"uczniem\" >uczniem<\/option><option value=\"pracodawc\u0105 \/ obserwatorem\" >pracodawc\u0105 \/ obserwatorem<\/option><\/select><\/div><div id=\"wpforms-67-field_3-container\" class=\"wpforms-field wpforms-field-select wpforms-field-select-style-classic\" data-field-id=\"3\"><label class=\"wpforms-field-label\" for=\"wpforms-67-field_3\">Rodzaj szko\u0142y <\/label><select id=\"wpforms-67-field_3\" class=\"wpforms-field-medium\" name=\"wpforms[fields][3]\"><option value=\"podstawowa\" >podstawowa<\/option><option value=\"\u015brednia\" >\u015brednia<\/option><\/select><\/div><div id=\"wpforms-67-field_4-container\" class=\"wpforms-field wpforms-field-select wpforms-field-select-style-classic\" data-field-id=\"4\"><label class=\"wpforms-field-label\" for=\"wpforms-67-field_4\">Typ szko\u0142y <\/label><select id=\"wpforms-67-field_4\" class=\"wpforms-field-medium\" name=\"wpforms[fields][4]\"><option value=\"pa\u0144stwowa\" >pa\u0144stwowa<\/option><option value=\"prywatna\" >prywatna<\/option><option value=\"inna\" >inna<\/option><\/select><\/div><div id=\"wpforms-67-field_5-container\" class=\"wpforms-field wpforms-field-textarea\" data-field-id=\"5\"><label class=\"wpforms-field-label\" for=\"wpforms-67-field_5\">Liczebno\u015b\u0107 klas, ewentualnie z podzia\u0142em na etapy edukacji, np. 25-30 os\u00f3b<\/label><textarea id=\"wpforms-67-field_5\" class=\"wpforms-field-medium\" name=\"wpforms[fields][5]\" aria-errormessage=\"wpforms-67-field_5-error\" ><\/textarea><\/div><div id=\"wpforms-67-field_6-container\" class=\"wpforms-field wpforms-field-textarea\" data-field-id=\"6\"><label class=\"wpforms-field-label\" for=\"wpforms-67-field_6\">Liczba lekcji dziennie \/ tygodniowo<\/label><textarea id=\"wpforms-67-field_6\" class=\"wpforms-field-medium\" name=\"wpforms[fields][6]\" aria-errormessage=\"wpforms-67-field_6-error\" ><\/textarea><\/div><div id=\"wpforms-67-field_7-container\" class=\"wpforms-field wpforms-field-textarea\" data-field-id=\"7\"><label class=\"wpforms-field-label\" for=\"wpforms-67-field_7\">Czy istnieje integracja os\u00f3b z niepe\u0142nosprawno\u015bciami? Jakiego typu niepe\u0142nosprawno\u015bci? W jaki spos\u00f3b to jest zorganizowane? Jak\u0105 pomoc dostaj\u0105 dzieci\/ rodzice dzieci z niepe\u0142nosprawno\u015bciami? Jaki jest tego efekt? Czy efekty spe\u0142niaj\u0105 swoje zadanie?<\/label><textarea id=\"wpforms-67-field_7\" class=\"wpforms-field-medium\" name=\"wpforms[fields][7]\" aria-errormessage=\"wpforms-67-field_7-error\" ><\/textarea><\/div><div id=\"wpforms-67-field_8-container\" class=\"wpforms-field wpforms-field-textarea\" data-field-id=\"8\"><label class=\"wpforms-field-label\" for=\"wpforms-67-field_8\">Jakie (oryginalne\/nieoczywiste) przedmioty \/ j\u0119zyki s\u0105 nauczane?<\/label><textarea id=\"wpforms-67-field_8\" class=\"wpforms-field-medium\" name=\"wpforms[fields][8]\" aria-errormessage=\"wpforms-67-field_8-error\" ><\/textarea><\/div><div id=\"wpforms-67-field_9-container\" class=\"wpforms-field wpforms-field-textarea\" data-field-id=\"9\"><label class=\"wpforms-field-label\" for=\"wpforms-67-field_9\">Czy szko\u0142a ma kantyn\u0119\/ sto\u0142\u00f3wk\u0119 dost\u0119pn\u0105 dla wszystkich uczni\u00f3w\/ nauczycieli? Na jakich zasadach jest finansowane wy\u017cywienie w szkole?<\/label><textarea id=\"wpforms-67-field_9\" class=\"wpforms-field-medium\" name=\"wpforms[fields][9]\" aria-errormessage=\"wpforms-67-field_9-error\" ><\/textarea><\/div><div id=\"wpforms-67-field_10-container\" class=\"wpforms-field wpforms-field-textarea\" data-field-id=\"10\"><label class=\"wpforms-field-label\" for=\"wpforms-67-field_10\">Czy s\u0105 zadania domowe? Jak cz\u0119sto? Z jakich przedmiot\u00f3w? Czy s\u0105 oceniane? Jak wygl\u0105daj\u0105? Czy s\u0105 odtw\u00f3rcze na podstawie tego, co by\u0142o na zaj\u0119ciach? Zg\u0142\u0119biaj\u0105ce wiedz\u0119 z zaj\u0119\u0107? Tw\u00f3rcze, w grupach, w formie bada\u0144 lub prezentacji?<\/label><textarea id=\"wpforms-67-field_10\" class=\"wpforms-field-medium\" name=\"wpforms[fields][10]\" aria-errormessage=\"wpforms-67-field_10-error\" ><\/textarea><\/div><div id=\"wpforms-67-field_11-container\" class=\"wpforms-field wpforms-field-textarea\" data-field-id=\"11\"><label class=\"wpforms-field-label\" for=\"wpforms-67-field_11\">W jaki spos\u00f3b\/ w jakim wymiarze i jak odbywa si\u0119 WF? Nauka sport\u00f3w\/ si\u0142ownia\/ swobodny ruch?<\/label><textarea id=\"wpforms-67-field_11\" class=\"wpforms-field-medium\" name=\"wpforms[fields][11]\" aria-errormessage=\"wpforms-67-field_11-error\" ><\/textarea><\/div><div id=\"wpforms-67-field_12-container\" class=\"wpforms-field wpforms-field-textarea\" data-field-id=\"12\"><label class=\"wpforms-field-label\" for=\"wpforms-67-field_12\">Czy aktywno\u015b\u0107 i zaanga\u017cowanie dziecka jest oceniane?<\/label><textarea id=\"wpforms-67-field_12\" class=\"wpforms-field-medium\" name=\"wpforms[fields][12]\" aria-errormessage=\"wpforms-67-field_12-error\" ><\/textarea><\/div><div id=\"wpforms-67-field_13-container\" class=\"wpforms-field wpforms-field-textarea\" data-field-id=\"13\"><label class=\"wpforms-field-label\" for=\"wpforms-67-field_13\">Czy szko\u0142a rozwija\/ promuje umiej\u0119tno\u015bci mi\u0119kkie, np. praca w grupach, prezentacje, umiej\u0119tno\u015b\u0107 przemawiania? W jaki spos\u00f3b? Czy s\u0105 one oceniane?<\/label><textarea id=\"wpforms-67-field_13\" class=\"wpforms-field-medium\" name=\"wpforms[fields][13]\" aria-errormessage=\"wpforms-67-field_13-error\" ><\/textarea><\/div><div id=\"wpforms-67-field_14-container\" class=\"wpforms-field wpforms-field-textarea\" data-field-id=\"14\"><label class=\"wpforms-field-label\" for=\"wpforms-67-field_14\">Czy szko\u0142a posiada\/oferuje \u015bwietlic\u0119? Czym zajmuje si\u0119 \u015bwietlica? W jaki spos\u00f3b jest zorganizowana \/ finansowana?  <\/label><textarea id=\"wpforms-67-field_14\" class=\"wpforms-field-medium\" name=\"wpforms[fields][14]\" aria-errormessage=\"wpforms-67-field_14-error\" ><\/textarea><\/div><div id=\"wpforms-67-field_15-container\" class=\"wpforms-field wpforms-field-textarea\" data-field-id=\"15\"><label class=\"wpforms-field-label\" for=\"wpforms-67-field_15\">Czy wszystkie przedmioty s\u0105 obowi\u0105zkowe \/ czy jest mo\u017cliwo\u015b\u0107 wyboru?<\/label><textarea id=\"wpforms-67-field_15\" class=\"wpforms-field-medium\" name=\"wpforms[fields][15]\" aria-errormessage=\"wpforms-67-field_15-error\" ><\/textarea><\/div><div id=\"wpforms-67-field_16-container\" class=\"wpforms-field wpforms-field-textarea\" data-field-id=\"16\"><label class=\"wpforms-field-label\" for=\"wpforms-67-field_16\">Czy s\u0105 dost\u0119pne zaj\u0119cia dodatkowe\/ pozaszkolne? Jakie? P\u0142atne \/ bezp\u0142atne? <\/label><textarea id=\"wpforms-67-field_16\" class=\"wpforms-field-medium\" name=\"wpforms[fields][16]\" aria-errormessage=\"wpforms-67-field_16-error\" ><\/textarea><\/div><div id=\"wpforms-67-field_17-container\" class=\"wpforms-field wpforms-field-textarea\" data-field-id=\"17\"><label class=\"wpforms-field-label\" for=\"wpforms-67-field_17\">Czy rodzice maj\u0105 wp\u0142yw na wyb\u00f3r dodatkowych zaj\u0119\u0107 na terenie szko\u0142y?<\/label><textarea id=\"wpforms-67-field_17\" class=\"wpforms-field-medium\" name=\"wpforms[fields][17]\" aria-errormessage=\"wpforms-67-field_17-error\" ><\/textarea><\/div><div id=\"wpforms-67-field_18-container\" class=\"wpforms-field wpforms-field-textarea\" data-field-id=\"18\"><label class=\"wpforms-field-label\" for=\"wpforms-67-field_18\">Czy rodzice maj\u0105 mo\u017cliwo\u015bci doradcze \/ opiniotw\u00f3rcze?<\/label><textarea id=\"wpforms-67-field_18\" class=\"wpforms-field-medium\" name=\"wpforms[fields][18]\" aria-errormessage=\"wpforms-67-field_18-error\" ><\/textarea><\/div><div id=\"wpforms-67-field_19-container\" class=\"wpforms-field wpforms-field-textarea\" data-field-id=\"19\"><label class=\"wpforms-field-label\" for=\"wpforms-67-field_19\">Czy szko\u0142a posiada w\u0142asnego pedagoga \/ psychologa \/ logoped\u0119 \/ doradc\u0119 zawodowego\/ inne?<\/label><textarea id=\"wpforms-67-field_19\" class=\"wpforms-field-medium\" name=\"wpforms[fields][19]\" aria-errormessage=\"wpforms-67-field_19-error\" ><\/textarea><\/div><div id=\"wpforms-67-field_20-container\" class=\"wpforms-field wpforms-field-textarea\" data-field-id=\"20\"><label class=\"wpforms-field-label\" for=\"wpforms-67-field_20\">Czy szko\u0142a wsp\u00f3\u0142pracuje z lokaln\u0105 poradni\u0105 psychologiczno-pedagogiczn\u0105 lub podobn\u0105 instytucj\u0105? W jakiej formie i zakresie?<\/label><textarea id=\"wpforms-67-field_20\" class=\"wpforms-field-medium\" name=\"wpforms[fields][20]\" aria-errormessage=\"wpforms-67-field_20-error\" ><\/textarea><\/div><div id=\"wpforms-67-field_21-container\" class=\"wpforms-field wpforms-field-textarea\" data-field-id=\"21\"><label class=\"wpforms-field-label\" for=\"wpforms-67-field_21\">W jaki spos\u00f3b traktowane i rozwi\u0105zywane s\u0105 problemy edukacyjno-wychowawcze?<\/label><textarea id=\"wpforms-67-field_21\" class=\"wpforms-field-medium\" name=\"wpforms[fields][21]\" aria-errormessage=\"wpforms-67-field_21-error\" ><\/textarea><\/div><div id=\"wpforms-67-field_22-container\" class=\"wpforms-field wpforms-field-textarea\" data-field-id=\"22\"><label class=\"wpforms-field-label\" for=\"wpforms-67-field_22\">Czy szko\u0142a anga\u017cuje si\u0119 w \u017cycie spo\u0142eczno\u015bci? W jaki spos\u00f3b?<\/label><textarea id=\"wpforms-67-field_22\" class=\"wpforms-field-medium\" name=\"wpforms[fields][22]\" aria-errormessage=\"wpforms-67-field_22-error\" ><\/textarea><\/div><div id=\"wpforms-67-field_23-container\" class=\"wpforms-field wpforms-field-textarea\" data-field-id=\"23\"><label class=\"wpforms-field-label\" for=\"wpforms-67-field_23\">Kt\u00f3re rozwi\u0105zania\/ pomys\u0142y stosowane w szkole s\u0105 pozytywne i warte rozpowszechnienia przez Now\u0105 Edukacj\u0119?<\/label><textarea id=\"wpforms-67-field_23\" class=\"wpforms-field-medium\" name=\"wpforms[fields][23]\" aria-errormessage=\"wpforms-67-field_23-error\" ><\/textarea><\/div><div id=\"wpforms-67-field_24-container\" class=\"wpforms-field wpforms-field-textarea\" data-field-id=\"24\"><label class=\"wpforms-field-label\" for=\"wpforms-67-field_24\">Kt\u00f3re rozwi\u0105zania\/ pomys\u0142y stosowane w szkole s\u0105 negatywne i powinny by\u0107 unikane przez Now\u0105 Edukacj\u0119?<\/label><textarea id=\"wpforms-67-field_24\" class=\"wpforms-field-medium\" name=\"wpforms[fields][24]\" aria-errormessage=\"wpforms-67-field_24-error\" ><\/textarea><\/div><div id=\"wpforms-67-field_25-container\" class=\"wpforms-field wpforms-field-textarea\" data-field-id=\"25\"><label class=\"wpforms-field-label\" for=\"wpforms-67-field_25\">Dodatkowe informacje \/ pomys\u0142y \/ sugestie<\/label><textarea id=\"wpforms-67-field_25\" class=\"wpforms-field-medium\" name=\"wpforms[fields][25]\" aria-errormessage=\"wpforms-67-field_25-error\" ><\/textarea><\/div><\/div><!-- .wpforms-field-container --><div class=\"wpforms-submit-container\" ><input type=\"hidden\" name=\"wpforms[id]\" value=\"67\"><input type=\"hidden\" name=\"wpforms[author]\" value=\"1\"><button type=\"submit\" name=\"wpforms[submit]\" id=\"wpforms-submit-67\" class=\"wpforms-submit\" data-alt-text=\"Wysy\u0142anie...\" data-submit-text=\"Prze\u015blij\" aria-live=\"assertive\" value=\"wpforms-submit\">Prze\u015blij<\/button><img loading=\"lazy\" decoding=\"async\" src=\"https:\/\/iwonakurecka.pl\/wp-content\/plugins\/wpforms-lite\/assets\/images\/submit-spin.svg\" class=\"wpforms-submit-spinner\" style=\"display: none;\" width=\"26\" height=\"26\" alt=\"Wczytywanie\"><\/div><\/form><\/div>  <!-- .wpforms-container -->","protected":false},"excerpt":{"rendered":"<p>W poni\u017cszej ankiecie podziel si\u0119 swoimi obserwacjami i do\u015bwiadczeniami ze szko\u0142y\/szk\u00f3\u0142, kt\u00f3re znasz. Mo\u017cesz wype\u0142ni\u0107 kilka ankiet, je\u015bli masz do\u015bwiadczenie z kilku szk\u00f3\u0142, zaznaczaj\u0105c, czy to opinia rodzica, czy nauczyciela\/ edukatora. Wszystkie opinie s\u0105 dla mnie wa\u017cne, gdy\u017c pomog\u0105 por\u00f3wna\u0107 do\u015bwiadczenia i oczekiwania rodzic\u00f3w, nauczycieli i og\u00f3\u0142u spo\u0142ecze\u0144stwa, aby Nowa Polska Szko\u0142a by\u0142a najlepsza. Je\u015bli &hellip; <\/p>\n<p class=\"link-more\"><a href=\"https:\/\/iwonakurecka.pl\/?page_id=73\" class=\"more-link\">Czytaj dalej<span class=\"screen-reader-text\"> \u201eAnkieta o szko\u0142ach w Polsce\u201d<\/span><\/a><\/p>\n","protected":false},"author":1,"featured_media":0,"parent":0,"menu_order":0,"comment_status":"closed","ping_status":"closed","template":"","meta":{"footnotes":""},"class_list":["post-73","page","type-page","status-publish","hentry"],"_links":{"self":[{"href":"https:\/\/iwonakurecka.pl\/index.php?rest_route=\/wp\/v2\/pages\/73","targetHints":{"allow":["GET"]}}],"collection":[{"href":"https:\/\/iwonakurecka.pl\/index.php?rest_route=\/wp\/v2\/pages"}],"about":[{"href":"https:\/\/iwonakurecka.pl\/index.php?rest_route=\/wp\/v2\/types\/page"}],"author":[{"embeddable":true,"href":"https:\/\/iwonakurecka.pl\/index.php?rest_route=\/wp\/v2\/users\/1"}],"replies":[{"embeddable":true,"href":"https:\/\/iwonakurecka.pl\/index.php?rest_route=%2Fwp%2Fv2%2Fcomments&post=73"}],"version-history":[{"count":9,"href":"https:\/\/iwonakurecka.pl\/index.php?rest_route=\/wp\/v2\/pages\/73\/revisions"}],"predecessor-version":[{"id":254,"href":"https:\/\/iwonakurecka.pl\/index.php?rest_route=\/wp\/v2\/pages\/73\/revisions\/254"}],"wp:attachment":[{"href":"https:\/\/iwonakurecka.pl\/index.php?rest_route=%2Fwp%2Fv2%2Fmedia&parent=73"}],"curies":[{"name":"wp","href":"https:\/\/api.w.org\/{rel}","templated":true}]}}