{"id":8,"date":"2023-07-19T16:37:56","date_gmt":"2023-07-19T14:37:56","guid":{"rendered":"https:\/\/iwonakurecka.pl\/?page_id=8"},"modified":"2024-01-06T18:09:45","modified_gmt":"2024-01-06T17:09:45","slug":"o-mnie","status":"publish","type":"page","link":"https:\/\/iwonakurecka.pl\/?page_id=8","title":{"rendered":"O mnie"},"content":{"rendered":"\n<div class=\"wp-block-columns are-vertically-aligned-top is-layout-flex wp-container-core-columns-is-layout-9d6595d7 wp-block-columns-is-layout-flex\">\n<div class=\"wp-block-column is-layout-flow wp-block-column-is-layout-flow\"><\/div>\n<\/div>\n\n\n\n<p>Od wielu lat z przera\u017ceniem obserwuj\u0119 upadek naszego systemu edukacji. Dora\u017ane i cz\u0119sto nieprzemy\u015blane rozwi\u0105zania, sukcesywny spadek poziomu nauczania w po\u0142\u0105czeniu z zamkni\u0119ciem szk\u00f3\u0142 podczas pandemii koronawirusa pog\u0142\u0119bi\u0142y, przyspieszy\u0142y i uwidoczni\u0142y dalsze problemy. Chwilowy 'plasterek\u2019 ewidentnie przesta\u0142 wystarcza\u0107 na dramatyczn\u0105 rzeczywisto\u015b\u0107. Przebudowy potrzebuje niemal ka\u017cdy aspekt edukacji, od finansowania szkolnictwa, poprzez zmian\u0119 programu nauczania, wsp\u00f3\u0142czesne przedmioty, metody, a\u017c po podr\u0119czniki. Wi\u0119cej szczeg\u00f3\u0142\u00f3w znajdziesz w&nbsp;<a href=\"https:\/\/konfederacja.pl\/konstytucja-wolnosci\/\">Konstytucji Wolno\u015bci<\/a>.<\/p>\n\n\n\n<p>Gruntowne reformy wymagaj\u0105 zaanga\u017cowania i szerokiej wsp\u00f3\u0142pracy licznych specjalist\u00f3w oraz rodzic\u00f3w. We\u017a udzia\u0142 w tworzeniu nowego systemu edukacji, dziel\u0105c si\u0119 swoim do\u015bwiadczeniem, obserwacjami oraz przemy\u015bleniami, odpowiadaj\u0105c na moje Ankiety. Chcemy zaczerpn\u0105\u0107 z bogatych do\u015bwiadcze\u0144 licznych kreatywnych nauczycieli z naszego kraju, jak r\u00f3wnie\u017c z zagranicy.<\/p>\n\n\n\n<p>Jestem przekonana, \u017ce merytoryczna analiza tych informacji utworzy podstaw\u0119 i punkt wyj\u015bcia do naprawy naszego systemu edukacji, kt\u00f3ry jest niezb\u0119dny do rozwoju ca\u0142ego naszego spo\u0142ecze\u0144stwa.<\/p>\n\n\n\n<p>Je\u015bli masz pomys\u0142y i ch\u0119\u0107 wprowadzenia zmian, zapraszam do wsp\u00f3\u0142pracy.&nbsp;<\/p>\n","protected":false},"excerpt":{"rendered":"<p>Od wielu lat z przera\u017ceniem obserwuj\u0119 upadek naszego systemu edukacji. Dora\u017ane i cz\u0119sto nieprzemy\u015blane rozwi\u0105zania, sukcesywny spadek poziomu nauczania w po\u0142\u0105czeniu z zamkni\u0119ciem szk\u00f3\u0142 podczas pandemii koronawirusa pog\u0142\u0119bi\u0142y, przyspieszy\u0142y i uwidoczni\u0142y dalsze problemy. Chwilowy 'plasterek\u2019 ewidentnie przesta\u0142 wystarcza\u0107 na dramatyczn\u0105 rzeczywisto\u015b\u0107. Przebudowy potrzebuje niemal ka\u017cdy aspekt edukacji, od finansowania szkolnictwa, poprzez zmian\u0119 programu nauczania, wsp\u00f3\u0142czesne &hellip; <\/p>\n<p class=\"link-more\"><a href=\"https:\/\/iwonakurecka.pl\/?page_id=8\" class=\"more-link\">Czytaj dalej<span class=\"screen-reader-text\"> \u201eO mnie\u201d<\/span><\/a><\/p>\n","protected":false},"author":1,"featured_media":0,"parent":0,"menu_order":0,"comment_status":"closed","ping_status":"closed","template":"","meta":{"footnotes":""},"class_list":["post-8","page","type-page","status-publish","hentry"],"_links":{"self":[{"href":"https:\/\/iwonakurecka.pl\/index.php?rest_route=\/wp\/v2\/pages\/8","targetHints":{"allow":["GET"]}}],"collection":[{"href":"https:\/\/iwonakurecka.pl\/index.php?rest_route=\/wp\/v2\/pages"}],"about":[{"href":"https:\/\/iwonakurecka.pl\/index.php?rest_route=\/wp\/v2\/types\/page"}],"author":[{"embeddable":true,"href":"https:\/\/iwonakurecka.pl\/index.php?rest_route=\/wp\/v2\/users\/1"}],"replies":[{"embeddable":true,"href":"https:\/\/iwonakurecka.pl\/index.php?rest_route=%2Fwp%2Fv2%2Fcomments&post=8"}],"version-history":[{"count":18,"href":"https:\/\/iwonakurecka.pl\/index.php?rest_route=\/wp\/v2\/pages\/8\/revisions"}],"predecessor-version":[{"id":320,"href":"https:\/\/iwonakurecka.pl\/index.php?rest_route=\/wp\/v2\/pages\/8\/revisions\/320"}],"wp:attachment":[{"href":"https:\/\/iwonakurecka.pl\/index.php?rest_route=%2Fwp%2Fv2%2Fmedia&parent=8"}],"curies":[{"name":"wp","href":"https:\/\/api.w.org\/{rel}","templated":true}]}}